{"id":107,"date":"2015-02-13T10:22:48","date_gmt":"2015-02-13T09:22:48","guid":{"rendered":"http:\/\/erdmute.eu\/?page_id=107"},"modified":"2026-01-23T22:40:55","modified_gmt":"2026-01-23T21:40:55","slug":"vita","status":"publish","type":"page","link":"https:\/\/erdmute.eu\/en\/information\/vita\/","title":{"rendered":"vita"},"content":{"rendered":"<h2>Erdmute Blach<\/h2>\n<p>lives and works in Berlin<br \/>\nBorn in 1958 in Erfurt<br \/>\nReceived her degree in Mathematics from the Humboldt-Universit\u00e4t, Berlin in 1984<br \/>\nMember of the association <a href=\"https:\/\/www.kunstetagenpankow.com\/\">KunstEtagenPankow e.V.<\/a><\/p>\n<h2>Artist in Residence<\/h2>\n<p>2017<br \/>\nMark Rothko Centre, Daugavpils (Latvia)<br \/>\n2016<br \/>\n<a href=\"https:\/\/www.rothkocenter.com\/en\/ekspozicija\/international-symposium-mark-rothko-2016\">International Painting Symposium &#8220;Mark Rothko 2016&#8221;<\/a><br \/>\nMark Rothko Centre, Daugavpils (Latvia)<br \/>\n2011, 2013, 2014, 2015, 2016<br \/>\n<a href=\"http:\/\/www.obras-art.org\/erdmute-blach-canccedilotildees-silenciosas.html\">OBRAS Foundation \u2013 International Centre for Art and Science, Estremoz (Portugal)<\/a><br \/>\n2013, 2014, 2015<br \/>\nKONSTEPIDEMIN Centre for the arts, G\u00f6teborg (Sweden)<\/p>\n<p>works are<br \/>\nin the collection of Rothko-Museum in Daugavpils (Latvia),<br \/>\nin the collection of V\u00e4stra G\u00f6taland Regional Council (Sweden)<br \/>\nand privately owned<br \/>\nrepresented in the artothek berlin<\/p>\n<h2>Courses, summer academy programmes and workshops<\/h2>\n<p><code><div id=\"post1-link-107\" class=\"sh-link post1-link sh-hide\"><a href=\"#\" onclick=\"showhide_toggle('post1', 107, 'more', 'less'); return false;\" aria-expanded=\"false\"><span id=\"post1-toggle-107\">more<\/span><\/a><\/div><div id=\"post1-content-107\" class=\"sh-content post1-content sh-hide\" style=\"display: none;\"><\/code><strong><br \/>\n<\/strong>(selection)<br \/>\nBerlin, small sculptures with Emerita Pansowova (1989-1995)<br \/>\nBerlin, printmaking with Stefan Friedemann (1993-1995)<br \/>\nSommerakademie Westfalen, printmaking at the K\u00e4telh\u00f6n printing workshop with Klaus J\u00fcdes (1997)<br \/>\nSommerakademie Kulturaxe Vienna\/Bratislava in Topolcanky (Slovakia), life drawing with Attila Pillar and Jan Fekete, 1998<br \/>\nTorculari printing workshop, Algaida (Spain), printmaking with Julio Le\u00f3n and Ricardo Pi\u00f1ol (1999)<br \/>\nTh\u00fcringische Sommerakademie B\u00f6hlen: painting with Marianne Wirries (1998), Jonathan Sheratte (1999), Otto Sander-Tischbein (2000), B\u00e4rbel Rothhaar (2005, 2009), collage with Claudette Griffiths (2001)<br \/>\nBerlin, life drawing with B\u00e4rbel Rothhaar (2016)<br \/>\n<\/div><\/p>\n<h2>Exhibitions<\/h2>\n<p><code><div id=\"post2-link-107\" class=\"sh-link post2-link sh-hide\"><a href=\"#\" onclick=\"showhide_toggle('post2', 107, 'more', 'less'); return false;\" aria-expanded=\"false\"><span id=\"post2-toggle-107\">more<\/span><\/a><\/div><div id=\"post2-content-107\" class=\"sh-content post2-content sh-hide\" style=\"display: none;\"><br \/>\n<\/code><br \/>\n2023<br \/>\n<em>&#8230;silent song as long\/ as no one listens;<\/em> Galleri PS, G\u00f6teborg, Schweden<br \/>\n2019<br \/>\n<em>kompoz\u012bcijas. atbild\u0113t tumsai \u2013 compositions. answers to darkness;<\/em><br \/>\n<a href=\"https:\/\/www.rothkocenter.com\/en\/ekspozicija\/answers-to-darkness\">Rotko Centre exhibition Erdmute Blach<\/a><br \/>\nMark Rothko Centre, Daugavpils, Lettland<br \/>\n2018<br \/>\n<em>Klanger;<\/em> Galleri PS, G\u00f6teborg, Sweden<br \/>\n<em>Variationen;<\/em> Internationales Begegnungszentrum Rostock<br \/>\n2016<br \/>\n<em>Petite Suite<\/em>; Frauenkulturverein Die Beginen, Rostock<br \/>\n2015<br \/>\n<em>can\u00e7\u00f5es silenciosas &#8211; silent songs<\/em>; Palacio de Dom Manuel \u00c9vora, Portugal<br \/>\n2014<br \/>\n<em>klanger och sp\u00e5r &#8211; sounds and tracks<\/em>; Konstepidemin, G\u00f6teborg, Sweden<br \/>\n<em>experiments<\/em>; Konstepidemin, G\u00f6teborg, Sweden<br \/>\n<em>Malerei &amp; Konstrukte\/Painting &amp; Constructs<\/em>; Rostock University of Music and Drama (with Anna Silberstein)<br \/>\n<em>Cores Alentejanas II\/Colours of Alentejo II<\/em>; Foundation Obras, Evoramonte, Portugal<br \/>\n2013<br \/>\n<em>Cores Alentejanas\/Colours of Alentejo<\/em>; Foundation Obras, Evoramonte, Portugal<br \/>\n<em>dozens of dialects of green<\/em>; Konstepidemin, G\u00f6teborg, Sweden<br \/>\n<em>Klang\/sound<\/em>; Galerie im Neptun, Rostock-Warnem\u00fcnde<br \/>\n2012<br \/>\n<em>Dialog\/dialogue;<\/em> Internationales Begegnungszentrum Rostock<br \/>\n<em>Kompositionen\/ compositions;<\/em> Consulate General of Portugal, Hamburg<br \/>\n2011<br \/>\n<em>schweben\/ floating;<\/em> Galerie Klosterformat, Rostock (with Kerstin Kreller)<br \/>\n2010<br \/>\n<em>Die Erkundung des Raumes \/The exploration of the space; <\/em>Galerie artquarium, Rostock (with Susanne Lilienthal)<br \/>\n<em>Malerei \/Painting; <\/em>women entrepreneurs&#8217; centre Weiberwirtschaft, Berlin (with B\u00e4rbel Rothhaar)<br \/>\n1995<br \/>\n<em>Small sculptures and etching; <\/em> Keramikstudio Berlin-Lichtenberg<br \/>\n<\/div><\/p>\n<h2>Participations<\/h2>\n<p><code><div id=\"post5-link-107\" class=\"sh-link post5-link sh-hide\"><a href=\"#\" onclick=\"showhide_toggle('post5', 107, 'more', 'less'); return false;\" aria-expanded=\"false\"><span id=\"post5-toggle-107\">more<\/span><\/a><\/div><div id=\"post5-content-107\" class=\"sh-content post5-content sh-hide\" style=\"display: none;\"><\/code><strong><br \/>\n<\/strong><\/p>\n<p>(selection)<br \/>\n2026<br \/>\n<em>The Big Winter Smash &#8211; take it as it is<\/em>; Atelierhof Kreuzberg, Berlin<br \/>\n<em>Monday Art salon<\/em>; Atelierhof Kreuzberg, Berlin<br \/>\n2025<br \/>\n<em>Die Zeichung<\/em>; Atelierhof Kreuzberg, Berlin<br \/>\n<em>artothek berlin zu Gast<\/em>; Kunststation Kleinsassen<br \/>\n<em>Himmel, H\u00f6lle, Fegefeuer<\/em>; Atelierhof Kreuzberg, Berlin<br \/>\n<em>Monday Art Salon<\/em>; Atelierhof Kreuzberg, Berlin<br \/>\n<em>Im Fluss der Zeit<\/em>; Schlo\u00df Sch\u00f6nhausen, Berlin<br \/>\n<em>schallern<\/em>; Theater unterm Dach, Berlin<br \/>\n<em>Festival artspring 2025-Gemischte Platte<\/em>; Atelierhaus Prenzlauer Promenade, Berlin<br \/>\n<em>The Refracted Light; <\/em>Park-Klinik Wei\u00dfensee, Berlin<br \/>\n<em>Neuzug\u00e4nge der artothek berlin<\/em>; Pavillon am Milchhof, Berlin<br \/>\n2024<br \/>\n<em>10 Jahre KunstEtagenPankow- Werkschau 2024<\/em>; Atelierhaus Prenzlauer Promenade, Berlin<br \/>\n<em>metamorphose<\/em>; Zitadelle Spandau; Berlin<br \/>\n<em>artspring 2024-Gemischte Platte<\/em>; Atelierhaus Prenzlauer Promenade, Berlin<br \/>\n<em>Die komische Linie, <\/em>Park-Klinik Wei\u00dfensee, Berlin<br \/>\n2023<br \/>\n<em>KunstEtagenPankow Werkschau 2023<\/em>; Atelierhaus Prenzlauer Promenade, Berlin<br \/>\n<em>artspring 2023-Gemischte Platte<\/em>; Atelierhaus Prenzlauer Promenade, Berlin<br \/>\n<em>begegnungen<\/em>; Anton -Saefkow- Library, Berlin<br \/>\n2022<br \/>\n<em>artspring 2022-Gemischte Platte<\/em>; Atelierhaus Prenzlauer Promenade, Berlin<br \/>\n2021<br \/>\n<em>Stadtst\u00fccke-Rhythmus Berlin<\/em>; Schlo\u00df Sch\u00f6nhausen, Berlin<br \/>\n<em>Abstractions<\/em>; Siauliai Art Gallery, Siauliai (Lithuania)<br \/>\n<em>Bild einer Ausstellung<\/em>; Galerie Paterre, Berlin<br \/>\n<em>Festival artspring 2021-exhibition and open studios<\/em>; Atelierhaus Prenzlauer Promenade, Berlin<br \/>\n2020<br \/>\n<em>Werkschau 2020<\/em>; online <a href=\"https:\/\/www.kunstetagenpankow.com\/\" target=\"_blank\" rel=\"noopener noreferrer\">KunstEtagenPankow<\/a><br \/>\n<em>open spaces<\/em>; Atelierhausgenossenschaft Haus1, Berlin<br \/>\n2019<br \/>\n<em>KunstEtagenPankow<\/em>; Janusz-Korczak-Bibliothek, Berlin<br \/>\n<em>BESTAND(s)-Ausgabe XVI<\/em>; Galerie Klosterformat, Rostock<br \/>\n2018<br \/>\n<em>GOLD<\/em>; Madona Museum of Local History and Art, Madona,Latvia<br \/>\n<em>Er\u00f6ffnung<\/em>; Atelierhausgenossenschaft Berlin, Haus1<br \/>\n<em>Swish<\/em>; Konstepidemin G\u00f6teborg, Sweden<br \/>\n<em>Neujahrsrundgang<\/em>; Atelierhausgenossenschaft Haus 1, Berlin<br \/>\n<em>BESTAND(s)-Ausgabe XV<\/em>; Galerie Klosterformat, Rostock<br \/>\n<em>Schmucke G\u00e4ste XV<\/em>; Galerie Klosterformat, Rostock<br \/>\n2017<br \/>\n<em>La Faune<\/em>; Studio Atelier d\u2019Art Andr\u00e9 Langlais, Conflans-sainte-Honorine, France<br \/>\n<em>Schmucke G\u00e4ste XIV<\/em>; Galerie Klosterformat, Rostock<br \/>\n2016<br \/>\n<em>Mark-Rothko-Symposium 2016<\/em>; Mark Rothko Centre Daugavpils, Latvia<br \/>\n<em>Artothek<\/em>;Frauenkulturverein Die Beginen, Rostock<br \/>\n<em>BESTAND(s)-Ausgabe XIII<\/em>; Galerie Klosterformat, Rostock<br \/>\n2015<br \/>\n<em>Bild&amp;Wort, K\u00fcnstlerhaus Pl\u00fcschow<\/em><br \/>\n<em>Remembrance, never forget: no more wars! (II)<\/em>; Kulturhaus Mestlin<br \/>\n<em>25 Jahre BuchKunstBalance<\/em>; Hugendubel, Rostock<br \/>\n<em>Schmucke G\u00e4ste XII<\/em>; Galerie Klosterformat, Rostock<br \/>\n2014<br \/>\n<em>Herbstwerkschau<\/em>; KunstEtagen Pankow, Berlin<br \/>\n<em>Remembrance, never forget: no more wars! <\/em>(for <em>KUNST HEUTE<\/em>); Kulturhaus Mestlin<br \/>\nGalerie Elapedra, Estremoz, Portugal<br \/>\n<em>Bestands-Ausgabe XII;<\/em> Galerie Klosterformat, Rostock<br \/>\n2013<br \/>\n<em>Artvent;<\/em> exhibition and art auction, Kunstverein Rostock<br \/>\n<em>Schmucke G\u00e4ste XI;<\/em> Galerie Klosterformat, Rostock<br \/>\n<em>KUNST HEUTE \u2013 HEUTE KUNST;<\/em> Kulturhaus Mestlin<br \/>\n<em>Alle Mann an Bord;<\/em> Galerie artquarium, Rostock<br \/>\nGalerie Elapedra, Estremoz, Portugal<br \/>\n<em>K\u00fcnstlerb\u00fccher (artists&#8217; books);<\/em> Hugendubel, Rostock<br \/>\n2012<br \/>\n<em>KUNST HEUTE \u2013 HEUTE KUNST<\/em>; Kulturhaus Mestlin<br \/>\n<em>Schmucke G\u00e4ste X;<\/em> Galerie Klosterformat, Rostock<br \/>\n<em>Wintersalon III;<\/em> Galerie artquarium, Rostock<br \/>\n2011<br \/>\n<em>Schmucke G\u00e4ste IX,<\/em> Galerie Klosterformat, Rostock<br \/>\n<em>Er\u00f6ffnung, die Zweite;<\/em> Atelierhaus Dieselmotorenwerk, Rostock<br \/>\nThe virtual gallery of the continents, D\u00fcsseldorf association of women artists<br \/>\n<em>The Sketchbook Projekt;<\/em> Brooklyn, Austin, San Francisco, Portland, Atlanta, Chicago, Washington, Seattle, Winter Park, US<br \/>\n<em>Pimaldaumen;<\/em> Galerie artquarium, Rostock<br \/>\n2010<br \/>\n<em>Schmucke G\u00e4ste VIII;<\/em> Galerie Klosterformat, Rostock<br \/>\n2009<br \/>\n<em>Anonymous Drawings;<\/em> Kunstraum Bethanien, Berlin<br \/>\n<em>Schmucke G\u00e4ste VII;<\/em> Galerie Klosterformat, Rostock<br \/>\n2005,2001, 2000, 1999, 1998<br \/>\nTh\u00fcringische Sommerakademie, B\u00f6hlen<br \/>\n1998<br \/>\n<em>Resultate 98;<\/em> Salle de Bal, Wien<br \/>\n1995<br \/>\n<em>Skulpturen;<\/em> Volkshochschule Berlin \u2013 Friedrichshain<\/p>\n<p><\/div><\/p>\n<h2>Artist&#8217;s books<\/h2>\n<p><code><div id=\"post3-link-107\" class=\"sh-link post3-link sh-hide\"><a href=\"#\" onclick=\"showhide_toggle('post3', 107, 'more', 'less'); return false;\" aria-expanded=\"false\"><span id=\"post3-toggle-107\">more<\/span><\/a><\/div><div id=\"post3-content-107\" class=\"sh-content post3-content sh-hide\" style=\"display: none;\"><\/code><\/p>\n<p>2017<br \/>\nOne-of-a-kind book with the poem <em>Geleit<\/em> by Gisela W\u00f6lbert<\/p>\n<p>Appearing in EDITION BALANCE\/ Atelier Buchkunst:<br \/>\n2013<br \/>\nOne-of-a-kind book with the poem <em>Allegro<\/em> by Tomas Transtr\u00f6mer<br \/>\nOne-of-a-kind book with an unpublished text by Friederike Mayr\u00f6cker<br \/>\n2012<br \/>\nOne-of-a-kind book with texts by John Cage<br \/>\n<em>Poetische Miniaturen II<\/em> \u2013 with poems and haikus by Henry G\u00fcnther<\/p>\n<p>These artist&#8217;s books were exhibited at the Frankfurt Book Fair, the Leipzig Book Fair, artbook berlin, Biennale Buchkunst Weimar, at the Ahrendshooper Literaturtage as well as at Konstepidemin G\u00f6teborg, among other places.<\/p>\n<p><\/div><\/p>\n<h2>Collaborations<\/h2>\n<p><code><div id=\"post4-link-107\" class=\"sh-link post4-link sh-hide\"><a href=\"#\" onclick=\"showhide_toggle('post4', 107, 'more', 'less'); return false;\" aria-expanded=\"false\"><span id=\"post4-toggle-107\">more<\/span><\/a><\/div><div id=\"post4-content-107\" class=\"sh-content post4-content sh-hide\" style=\"display: none;\"><\/code><\/p>\n<p>(selection)<\/p>\n<h3><em>hunting hunt<\/em><\/h3>\n<p>Performance based on the composition <em>hunt<\/em> by Sven Daigger<br \/>\nSven Daigger (Karlsruhe), composition,<br \/>\nensemble Kamerata Artika directed by Alessandro Palumbo,<br \/>\nErdmute Blach, live painting<br \/>\n2014 presented at Rostock University of Music and Drama<\/p>\n<h3><em>Compositions<\/em><\/h3>\n<p>A Portuguese \u2013 German cultural project<br \/>\nAm\u00edlcar Vasquez Dias (S. Miguel de Machede, Portugal), Erdmute Blach<br \/>\n2012<br \/>\nAm\u00edlcar Vasquez Dias gave lectures with music at the Embassy of Portugal in Berlin, Institut Cam\u00f5es in Hamburg and at the Rostock University of Music and Drama. Erdmute Blach also gave a lecture at Institut Cam\u00f5es in Hamburg and exhibited her work at the Consulate General of Portugal.<\/p>\n<h3><em>Das gedankenverlorene Paradies<\/em><\/h3>\n<p>Performance<\/p>\n<p>Ensemble HALSOVERHEAD: Lars-Arvid Brischke (spoken word, Berlin),<br \/>\nThomas M. Kumlehn (music, Potsdam), Erdmute Blach (live painting, Rostock)<br \/>\n2012 presented at Kulturhaus Mestlin during KUNST HEUTE \u2013 HEUTE KUNST (day of contemporary art, organized by the Association of art museums and art institutions and the Artist Organisation of Mecklenburg \u2013 West-Pomerania), and then, in October at the Internationales Begegnungszentrum Rostock<br \/>\n2013 together with Britta Sch\u00f6nbrunn (dance, P\u00e4wesin) at M\u00fcncheberg parish church<\/p>\n<h3>to Festival <em>Poesiefr\u00fchling<\/em> Berlin<\/h3>\n<p>Public activity by the poetry group <em>Poesiestammtisch<\/em> as part of Festival Poesiefr\u00fchling Berlin<\/p>\n<p>Recitations, music, painting, film, and improvisation<br \/>\nFeaturing: Miriam Bondy, Lars-Arvid Brischke, Olaf Garbow, Sushma U. G\u00fctter, Miriam Hartz, Christine Kahlau, Annette Kautt, Christoph Schwantke, Rainer Stolz, Tatjana M. Szczodylo-Gola, Marilyn Veber, Erdmute Blach and others<br \/>\nmarch 2011<br \/>\nLuisenbad library, (Berlin \u2013 Wedding)<\/p>\n<h3><em>VerR\u00fcckt<\/em><\/h3>\n<p>Performance based on the composition <em>Three Little Pieces<\/em> by Anteo Fabris<\/p>\n<p>Nicola Marrek (Hamburg), choreography<br \/>\nString ensemble \u201estrings\u201c conducted by Kathy Kelsh (L\u00fcneburg),<br \/>\nDancers from the ensembles of L\u00fcneburg music school under the direction of Nicola Marrek<br \/>\nLive painting by B\u00e4rbel Rothhaar (Berlin) and Erdmute Blach<br \/>\n2011<br \/>\nat Theater L\u00fcneburg<br \/>\n<\/div><\/p>\n","protected":false},"excerpt":{"rendered":"<p>Erdmute Blach lives and works in Berlin Born in 1958 in Erfurt Received her degree in Mathematics from the Humboldt-Universit\u00e4t, Berlin in 1984 Member of the association KunstEtagenPankow e.V. Artist in Residence 2017 Mark Rothko Centre, Daugavpils (Latvia) 2016 International Painting Symposium &#8220;Mark Rothko 2016&#8221; Mark Rothko Centre, Daugavpils (Latvia) 2011, 2013, 2014, 2015, 2016 [&hellip;]<\/p>\n","protected":false},"author":1,"featured_media":0,"parent":105,"menu_order":4,"comment_status":"closed","ping_status":"closed","template":"","meta":{"jetpack_post_was_ever_published":false,"footnotes":""},"class_list":["post-107","page","type-page","status-publish","hentry"],"jetpack_sharing_enabled":true,"jetpack_shortlink":"https:\/\/wp.me\/P6r1JS-1J","_links":{"self":[{"href":"https:\/\/erdmute.eu\/en\/wp-json\/wp\/v2\/pages\/107","targetHints":{"allow":["GET"]}}],"collection":[{"href":"https:\/\/erdmute.eu\/en\/wp-json\/wp\/v2\/pages"}],"about":[{"href":"https:\/\/erdmute.eu\/en\/wp-json\/wp\/v2\/types\/page"}],"author":[{"embeddable":true,"href":"https:\/\/erdmute.eu\/en\/wp-json\/wp\/v2\/users\/1"}],"replies":[{"embeddable":true,"href":"https:\/\/erdmute.eu\/en\/wp-json\/wp\/v2\/comments?post=107"}],"version-history":[{"count":62,"href":"https:\/\/erdmute.eu\/en\/wp-json\/wp\/v2\/pages\/107\/revisions"}],"predecessor-version":[{"id":2118,"href":"https:\/\/erdmute.eu\/en\/wp-json\/wp\/v2\/pages\/107\/revisions\/2118"}],"up":[{"embeddable":true,"href":"https:\/\/erdmute.eu\/en\/wp-json\/wp\/v2\/pages\/105"}],"wp:attachment":[{"href":"https:\/\/erdmute.eu\/en\/wp-json\/wp\/v2\/media?parent=107"}],"curies":[{"name":"wp","href":"https:\/\/api.w.org\/{rel}","templated":true}]}}